{"id":11943,"date":"2019-08-22T20:14:43","date_gmt":"2019-08-22T20:14:43","guid":{"rendered":"https:\/\/www.ossenkamp.de\/?page_id=11943"},"modified":"2019-08-31T04:00:36","modified_gmt":"2019-08-31T04:00:36","slug":"freizeit","status":"publish","type":"page","link":"https:\/\/www.ossenkamp.de\/index.php\/freizeit\/","title":{"rendered":"Freizeit"},"content":{"rendered":"<div class=\"fusion-fullwidth fullwidth-box fusion-builder-row-1 nonhundred-percent-fullwidth non-hundred-percent-height-scrolling\" style=\"background-color: rgba(255,255,255,0);background-position: center center;background-repeat: no-repeat;padding-top:0px;padding-right:0px;padding-bottom:0px;padding-left:0px;margin-bottom: 0px;margin-top: 0px;border-width: 0px 0px 0px 0px;border-color:#eae9e9;border-style:solid;\" ><div class=\"fusion-builder-row fusion-row\"><div class=\"fusion-layout-column fusion_builder_column fusion-builder-column-0 fusion_builder_column_1_2 1_2 fusion-one-half fusion-column-first\" style=\"width:50%;width:calc(50% - ( ( 4% ) * 0.5 ) );margin-right: 4%;margin-top:0px;margin-bottom:20px;\"><div class=\"fusion-column-wrapper fusion-flex-column-wrapper-legacy\" style=\"background-position:left top;background-repeat:no-repeat;-webkit-background-size:cover;-moz-background-size:cover;-o-background-size:cover;background-size:cover;padding: 0px 0px 0px 0px;\"><div class=\"fusion-text fusion-text-1\"><p>Sightseeing in der Umgebung<\/p>\n<p>Besonderes hervorheben m\u00f6chte ich einige Sehensw\u00fcrdigkeiten in der Umgebung von D\u00fcsseldorf:<\/p>\n<p>Ruhrgebiet. Im gr\u00f6\u00dften europ\u00e4ischen Ballungsraum fallen insbesondere die Aktivit\u00e4ten zur Industriekultur auf. Bemerkenswert, wie schnell sich die Arbeit in den letzten 100 Jahren ver\u00e4ndert hat.<\/p>\n<p>K\u00f6ln. Kein anderer Menschenschlag in Deutschland ist vergleichbar mit den K\u00f6lnern. Ob die R\u00f6mer oder der Dom daran einen ma\u00dfgeblichen Anteil haben?<\/p>\n<p>Bergisches Land und Sauerland<\/p>\n<p>Niederrhein<\/p>\n<p>Eifel und Euregio<\/p>\n<p>M\u00fcnsterland<\/p>\n<p>Golf<\/p>\n<p>D\u00fcsseldorf hatte den ersten \u00f6ffentlichen Golfplatz in Deutschland. Mittlerweile sind f\u00fcr weniger betuchte Spieler die Hummelbachaue und Am Katzberg besonders empfehlenswert. Selbst eine Indoor-Golfhalle f\u00fcr die Wintermonate steht nun zur Verf\u00fcgung.<\/p>\n<\/div><div class=\"fusion-clearfix\"><\/div><\/div><\/div><div class=\"fusion-layout-column fusion_builder_column fusion-builder-column-1 fusion_builder_column_1_2 1_2 fusion-one-half fusion-column-last\" style=\"width:50%;width:calc(50% - ( ( 4% ) * 0.5 ) );margin-top:0px;margin-bottom:20px;\"><div class=\"fusion-column-wrapper fusion-flex-column-wrapper-legacy\" style=\"background-position:left top;background-repeat:no-repeat;-webkit-background-size:cover;-moz-background-size:cover;-o-background-size:cover;background-size:cover;padding: 0px 0px 0px 0px;\"><div class=\"fusion-clearfix\"><\/div><\/div><\/div><\/div><\/div>\n","protected":false},"excerpt":{"rendered":"","protected":false},"author":1,"featured_media":0,"parent":0,"menu_order":0,"comment_status":"closed","ping_status":"closed","template":"","meta":{"footnotes":""},"class_list":["post-11943","page","type-page","status-publish","hentry"],"aioseo_notices":[],"_links":{"self":[{"href":"https:\/\/www.ossenkamp.de\/index.php\/wp-json\/wp\/v2\/pages\/11943","targetHints":{"allow":["GET"]}}],"collection":[{"href":"https:\/\/www.ossenkamp.de\/index.php\/wp-json\/wp\/v2\/pages"}],"about":[{"href":"https:\/\/www.ossenkamp.de\/index.php\/wp-json\/wp\/v2\/types\/page"}],"author":[{"embeddable":true,"href":"https:\/\/www.ossenkamp.de\/index.php\/wp-json\/wp\/v2\/users\/1"}],"replies":[{"embeddable":true,"href":"https:\/\/www.ossenkamp.de\/index.php\/wp-json\/wp\/v2\/comments?post=11943"}],"version-history":[{"count":3,"href":"https:\/\/www.ossenkamp.de\/index.php\/wp-json\/wp\/v2\/pages\/11943\/revisions"}],"predecessor-version":[{"id":12178,"href":"https:\/\/www.ossenkamp.de\/index.php\/wp-json\/wp\/v2\/pages\/11943\/revisions\/12178"}],"wp:attachment":[{"href":"https:\/\/www.ossenkamp.de\/index.php\/wp-json\/wp\/v2\/media?parent=11943"}],"curies":[{"name":"wp","href":"https:\/\/api.w.org\/{rel}","templated":true}]}}